{"id":4322,"date":"2016-12-21T01:12:29","date_gmt":"2016-12-21T03:12:29","guid":{"rendered":"http:\/\/www.olympusmotel.com.br\/motel-em-florianopolis\/?page_id=4322"},"modified":"2025-12-20T16:15:20","modified_gmt":"2025-12-20T19:15:20","slug":"motel-em-florianopolis","status":"publish","type":"page","link":"https:\/\/www.olympusmotel.com.br\/motel-florianopolis\/","title":{"rendered":"Motel em Florian\u00f3polis"},"content":{"rendered":"<div class=\"wpb-content-wrapper\"><p>[vc_row full_width=&#8221;stretch_row&#8221; content_placement=&#8221;middle&#8221; background_position=&#8221;center bottom&#8221; css=&#8221;.vc_custom_1766235007534{margin-bottom: 40px !important;padding-top: 120px !important;padding-bottom: 80px !important;background-image: url(http:\/\/www.olympusmotel.com.br\/motel-florianopolis\/wp-content\/uploads\/2017\/01\/Olympus-36-1.jpg?id=6296) !important;background-position: center !important;background-repeat: no-repeat !important;background-size: cover !important;}&#8221; el_class=&#8221;vc_hidden-sm vc_hidden-xs&#8221;][vc_column background_position=&#8221;center top&#8221; offset=&#8221;vc_col-xs-offset-1 vc_col-xs-1&#8243;][vc_custom_heading text=&#8221;Viva momentos <strong>inesquec\u00edveis<\/strong>&#8221; font_container=&#8221;tag:h2|font_size:60|text_align:center|color:%23ffffff&#8221; google_fonts=&#8221;font_family:Droid%20Serif%3Aregular%2Citalic%2C700%2C700italic|font_style:700%20bold%20regular%3A700%3Anormal&#8221;][vc_custom_heading text=&#8221;Olympus Motel, o seu motel em Florian\u00f3polis&#8221; font_container=&#8221;tag:h1|font_size:24|text_align:center|color:%23ffffff&#8221; google_fonts=&#8221;font_family:Lato%3A100%2C100italic%2C300%2C300italic%2Cregular%2Citalic%2C700%2C700italic%2C900%2C900italic|font_style:400%20regular%3A400%3Anormal&#8221;][\/vc_column][\/vc_row][vc_section el_id=&#8221;suites&#8221;][vc_row full_width=&#8221;stretch_row&#8221; fadeout_row=&#8221;fadeout_row_value&#8221; background_position=&#8221;center bottom&#8221; css=&#8221;.vc_custom_1766235970812{margin-bottom: 40px !important;padding-top: 60px !important;padding-bottom: 60px !important;background-image: url(http:\/\/www.olympusmotel.com.br\/motel-florianopolis\/wp-content\/uploads\/2017\/01\/Olympus-36-1.jpg?id=6296) !important;background-position: center !important;background-repeat: no-repeat !important;background-size: cover !important;}&#8221; el_class=&#8221;vc_hidden-md vc_hidden-lg vc_hidden-xl&#8221;][vc_column][vc_custom_heading text=&#8221;Viva momentos <strong>inesquec\u00edveis<\/strong>&#8221; font_container=&#8221;tag:h2|font_size:38|text_align:center|color:%23ffffff&#8221; google_fonts=&#8221;font_family:Droid%20Serif%3Aregular%2Citalic%2C700%2C700italic|font_style:700%20bold%20regular%3A700%3Anormal&#8221; css_animation=&#8221;fadeIn&#8221; css=&#8221;&#8221;][vc_custom_heading text=&#8221;Olympus Motel, o seu motel em Florian\u00f3polis&#8221; font_container=&#8221;tag:h1|font_size:24|text_align:center|color:%23ffffff|line_height:32px&#8221; google_fonts=&#8221;font_family:Lato%3A100%2C100italic%2C300%2C300italic%2Cregular%2Citalic%2C700%2C700italic%2C900%2C900italic|font_style:400%20regular%3A400%3Anormal&#8221; css_animation=&#8221;fadeInDown&#8221; css=&#8221;&#8221;][\/vc_column][\/vc_row][vc_row css=&#8221;.vc_custom_1766236131382{margin-top: 15px !important;margin-bottom: 30px !important;background-color: #FFFFFF !important;}&#8221;][\/vc_row][vc_column][vc_icon type=&#8221;material&#8221; icon_material=&#8221;vc-material vc-material-account_balance&#8221; color=&#8221;custom&#8221; size=&#8221;xl&#8221; align=&#8221;center&#8221; css=&#8221;.vc_custom_1766256910020{margin-bottom: 0px !important;padding-bottom: 0px !important;}&#8221; custom_color=&#8221;#c1001c&#8221;][vc_empty_space][vc_column_text css=&#8221;.vc_custom_1766256899136{margin-top: -16px !important;padding-top: 0px !important;}&#8221;]<\/p>\n<h4 style=\"text-align: center;\">Olympus, o mais conceituado motel da ilha de Santa Catarina inspirado na mitologia Grega, oferece <strong>su\u00edtes tem\u00e1ticas<\/strong> e <strong>decora\u00e7\u00f5es diferenciadas<\/strong> com muito bom gosto e modernidade.<\/h4>\n<p>[\/vc_column_text][\/vc_column][vc_row css=&#8221;.vc_custom_1483969072169{margin-top: 0px !important;margin-bottom: 0px !important;}&#8221;][vc_column width=&#8221;1\/2&#8243; offset=&#8221;vc_hidden-sm vc_hidden-xs&#8221;][vc_single_image image=&#8221;4657&#8243; img_size=&#8221;600&#215;400&#8243;][\/vc_column][vc_column width=&#8221;1\/2&#8243;][vc_empty_space][vc_icon type=&#8221;material&#8221; icon_material=&#8221;vc-material vc-material-local_laundry_service&#8221; color=&#8221;custom&#8221; size=&#8221;lg&#8221; custom_color=&#8221;#c1001c&#8221;][vc_custom_heading text=&#8221;Conforto e Limpeza&#8221; use_theme_fonts=&#8221;yes&#8221;][vc_column_text]Estamos sempre renovando nossas su\u00edtes para o <strong>conforto e bem estar<\/strong> de nossos clientes. Seguimos um rigoroso padr\u00e3o de higiene e limpeza, contamos com lavanderia pr\u00f3pria, com <strong>sistema de esteriliza\u00e7\u00e3o e acompanhamento t\u00e9cnico de profissionais da Unilever<\/strong>.<\/p>\n<p>Al\u00e9m disso, toda a \u00e1gua utilizada \u00e9 constantemente analisada por um qu\u00edmico registrado junto ao conselho regional de qu\u00edmica.[\/vc_column_text][\/vc_column][\/vc_row][vc_row css=&#8221;.vc_custom_1483969082731{margin-top: 0px !important;margin-bottom: 0px !important;}&#8221;][vc_column width=&#8221;1\/2&#8243;][vc_empty_space][vc_icon type=&#8221;material&#8221; icon_material=&#8221;vc-material vc-material-verified_user&#8221; color=&#8221;custom&#8221; size=&#8221;lg&#8221; align=&#8221;right&#8221; custom_color=&#8221;#c1001c&#8221;][vc_custom_heading text=&#8221;Seguran\u00e7a e Privacidade&#8221; font_container=&#8221;tag:h2|text_align:right&#8221; use_theme_fonts=&#8221;yes&#8221;][vc_column_text]<\/p>\n<p>No Olympus motel a seguran\u00e7a e privacidade s\u00e3o absolutas, gra\u00e7as ao <strong>controle computadorizado<\/strong> de entrada e sa\u00edda das su\u00edtes, que tamb\u00e9m contam com <strong>trava de seguran\u00e7a e chave de emerg\u00eancia<\/strong>.<\/p>\n<p>O motel possui tamb\u00e9m um gerador pr\u00f3prio e nobreak que funcionam automaticamente no caso de quedas de energia.<\/p>\n<p>[\/vc_column_text][\/vc_column][vc_column width=&#8221;1\/2&#8243; offset=&#8221;vc_hidden-sm vc_hidden-xs&#8221;][vc_single_image image=&#8221;4658&#8243; img_size=&#8221;600&#215;400&#8243;][\/vc_column][\/vc_row][vc_column][vc_custom_heading text=&#8221;Principais Su\u00edtes&#8221; font_container=&#8221;tag:h2|font_size:32|text_align:center&#8221; use_theme_fonts=&#8221;yes&#8221;][\/vc_column][vc_row full_width=&#8221;stretch_row_content_no_spaces&#8221; content_placement=&#8221;middle&#8221; css=&#8221;.vc_custom_1766235793357{margin-top: 20px !important;}&#8221; el_id=&#8221;suites-principais&#8221;][vc_column width=&#8221;1\/4&#8243;]<div class=\"ult-new-ib ult-ib-effect-style15 boxhome ult-ib-resp ult-ib2-min-height \" data-min-width=\"768\" data-max-width=\"900\" style=\"background:#ffffff; opacity:0; \" data-opacity=\"1\" data-hover-opacity=\"0.5\"  data-min-height=\"298\" ><img decoding=\"async\" class=\"ult-new-ib-img\" style=\"opacity:1;\" alt=\"null\" src=\"https:\/\/www.olympusmotel.com.br\/motel-florianopolis\/wp-content\/uploads\/2023\/02\/Olympus-46.jpg\"  data-min-height=\"298\"   \/><div id=\"interactive-banner-wrap-2123\" class=\"ult-new-ib-desc\" style=\"\"><h2 class=\"ult-new-ib-title ult-responsive\"  data-ultimate-target='#interactive-banner-wrap-2123 .ult-new-ib-title'  data-responsive-json-new='{\"font-size\":\"\",\"line-height\":\"\"}'  style=\"font-weight:normal;\"><\/h2><\/div><a class=\"ult-new-ib-link\" href=\"https:\/\/www.olympusmotel.com.br\/motel-florianopolis\/?product=suite-apolo-38\" title=\"Su\u00edte Apolo 38\"  data-touch-delay=\"199\"><\/a><\/div><script type=\"text\/javascript\">\r\n\t\t\t(function($){\r\n\t\t\t\t$(document).ready(function(){\r\n\t\t\t\t\t$(\".ult-new-ib\").css(\"opacity\",\"1\");\r\n\t\t\t\t});\r\n\t\t\t})(jQuery);\r\n\t\t\t<\/script>[\/vc_column][vc_column width=&#8221;1\/4&#8243;]<div class=\"ult-new-ib ult-ib-effect-style15 boxhome ult-ib-resp ult-ib2-min-height \" data-min-width=\"768\" data-max-width=\"900\" style=\"background:#ffffff; opacity:0; \" data-opacity=\"1\" data-hover-opacity=\"0.5\"  data-min-height=\"300\" ><img decoding=\"async\" class=\"ult-new-ib-img\" style=\"opacity:1;\" alt=\"null\" src=\"https:\/\/www.olympusmotel.com.br\/motel-florianopolis\/wp-content\/uploads\/2023\/02\/Olympus-34.jpg\"  data-min-height=\"300\"   \/><div id=\"interactive-banner-wrap-4677\" class=\"ult-new-ib-desc\" style=\"\"><h2 class=\"ult-new-ib-title ult-responsive\"  data-ultimate-target='#interactive-banner-wrap-4677 .ult-new-ib-title'  data-responsive-json-new='{\"font-size\":\"\",\"line-height\":\"\"}'  style=\"font-weight:normal;\"><\/h2><\/div><a class=\"ult-new-ib-link\" href=\"https:\/\/www.olympusmotel.com.br\/motel-florianopolis\/?product=suite-zeus-com-piscina-21-quarto-motel-florianopolis\" title=\"Su\u00edte Zeus com Piscina 21\"  ><\/a><\/div><script type=\"text\/javascript\">\r\n\t\t\t(function($){\r\n\t\t\t\t$(document).ready(function(){\r\n\t\t\t\t\t$(\".ult-new-ib\").css(\"opacity\",\"1\");\r\n\t\t\t\t});\r\n\t\t\t})(jQuery);\r\n\t\t\t<\/script>[\/vc_column][vc_column width=&#8221;1\/4&#8243;]<div class=\"ult-new-ib ult-ib-effect-style15 boxhome ult-ib-resp ult-ib2-min-height \" data-min-width=\"768\" data-max-width=\"900\" style=\"background:#ffffff; opacity:0; \" data-opacity=\"1\" data-hover-opacity=\"0.5\"  data-min-height=\"300\" ><img decoding=\"async\" class=\"ult-new-ib-img\" style=\"opacity:1;\" alt=\"null\" src=\"https:\/\/www.olympusmotel.com.br\/motel-florianopolis\/wp-content\/uploads\/2017\/08\/Su\u00edte-Londres-Apolo-31.jpg\"  data-min-height=\"300\"   \/><div id=\"interactive-banner-wrap-5480\" class=\"ult-new-ib-desc\" style=\"\"><h2 class=\"ult-new-ib-title ult-responsive\"  data-ultimate-target='#interactive-banner-wrap-5480 .ult-new-ib-title'  data-responsive-json-new='{\"font-size\":\"\",\"line-height\":\"\"}'  style=\"font-weight:normal;\"><\/h2><\/div><a class=\"ult-new-ib-link\" href=\"https:\/\/www.olympusmotel.com.br\/motel-florianopolis\/?product=suite-londres-apolo-31\" title=\"Su\u00edte Londres \u2013 Apolo 31\"  ><\/a><\/div><script type=\"text\/javascript\">\r\n\t\t\t(function($){\r\n\t\t\t\t$(document).ready(function(){\r\n\t\t\t\t\t$(\".ult-new-ib\").css(\"opacity\",\"1\");\r\n\t\t\t\t});\r\n\t\t\t})(jQuery);\r\n\t\t\t<\/script>[\/vc_column][vc_column width=&#8221;1\/4&#8243;]<div class=\"ult-new-ib ult-ib-effect-style15 boxhome ult-ib-resp ult-ib2-min-height \" data-min-width=\"768\" data-max-width=\"900\" style=\"background:#ffffff; opacity:0; \" data-opacity=\"1\" data-hover-opacity=\"0.5\"  data-min-height=\"298\" ><img decoding=\"async\" class=\"ult-new-ib-img\" style=\"opacity:1;\" alt=\"null\" src=\"https:\/\/www.olympusmotel.com.br\/motel-florianopolis\/wp-content\/uploads\/2024\/12\/Olympus-15.jpg\"  data-min-height=\"298\"   \/><div id=\"interactive-banner-wrap-6105\" class=\"ult-new-ib-desc\" style=\"\"><h2 class=\"ult-new-ib-title ult-responsive\"  data-ultimate-target='#interactive-banner-wrap-6105 .ult-new-ib-title'  data-responsive-json-new='{\"font-size\":\"\",\"line-height\":\"\"}'  style=\"font-weight:normal;\"><\/h2><\/div><a class=\"ult-new-ib-link\" href=\"https:\/\/www.olympusmotel.com.br\/motel-florianopolis\/produto\/suite-zeuscomspa-24\/\" title=\"Su\u00edte 24\"  data-touch-delay=\"199\"><\/a><\/div><script type=\"text\/javascript\">\r\n\t\t\t(function($){\r\n\t\t\t\t$(document).ready(function(){\r\n\t\t\t\t\t$(\".ult-new-ib\").css(\"opacity\",\"1\");\r\n\t\t\t\t});\r\n\t\t\t})(jQuery);\r\n\t\t\t<\/script>[\/vc_column][\/vc_row][\/vc_section][vc_row][vc_column][vc_column_text]<\/p>\n<p>[\/vc_column_text][\/vc_column][\/vc_row][vc_row][vc_column][vc_column_text css=&#8221;.vc_custom_1766255094702{margin-bottom: 10px !important;}&#8221;]<\/p>\n<h3 style=\"text-align: center;\">Entre em contato conosco:<\/h3>\n<p>[\/vc_column_text][vc_row_inner equal_height=&#8221;yes&#8221; content_placement=&#8221;middle&#8221;][vc_column_inner width=&#8221;1\/2&#8243; css=&#8221;.vc_custom_1484246548493{border-right-width: 1px !important;border-bottom-width: 1px !important;padding-bottom: 20px !important;border-right-color: #ebebeb !important;border-right-style: solid !important;border-bottom-color: #ebebeb !important;border-bottom-style: solid !important;}&#8221;][vc_icon icon_fontawesome=&#8221;fa fa-phone&#8221; color=&#8221;custom&#8221; align=&#8221;center&#8221; css=&#8221;.vc_custom_1560669792779{margin-bottom: 0px !important;}&#8221; custom_color=&#8221;#c1101c&#8221;][vc_column_text css=&#8221;&#8221;]<\/p>\n<p style=\"text-align: center;\">(48) 3331-3566<\/p>\n<p>[\/vc_column_text][\/vc_column_inner][vc_column_inner width=&#8221;1\/2&#8243; css=&#8221;.vc_custom_1484246596295{border-bottom-width: 1px !important;border-left-width: 1px !important;padding-bottom: 20px !important;border-left-color: #ebebeb !important;border-left-style: solid !important;border-bottom-color: #ebebeb !important;border-bottom-style: solid !important;}&#8221;][vc_icon icon_fontawesome=&#8221;fa fa-whatsapp&#8221; color=&#8221;custom&#8221; align=&#8221;center&#8221; css=&#8221;.vc_custom_1560670062749{margin-bottom: 0px !important;}&#8221; custom_color=&#8221;#c1101c&#8221;][vc_column_text css=&#8221;&#8221;]<\/p>\n<p style=\"text-align: center;\"><a href=\"https:\/\/wa.me\/5548991446481\">(48) 99144-6481<\/a><\/p>\n<p>[\/vc_column_text][\/vc_column_inner][\/vc_row_inner][vc_row_inner equal_height=&#8221;yes&#8221; content_placement=&#8221;middle&#8221;][vc_column_inner width=&#8221;1\/2&#8243; css=&#8221;.vc_custom_1484246630155{border-top-width: 1px !important;border-right-width: 1px !important;padding-bottom: 20px !important;border-right-color: #ebebeb !important;border-right-style: solid !important;border-top-color: #ebebeb !important;border-top-style: solid !important;}&#8221;][vc_icon icon_fontawesome=&#8221;fa fa-paper-plane&#8221; color=&#8221;custom&#8221; align=&#8221;center&#8221; css=&#8221;.vc_custom_1560669879383{margin-bottom: 0px !important;}&#8221; custom_color=&#8221;#c1101c&#8221;][vc_column_text css=&#8221;&#8221;]<\/p>\n<p style=\"text-align: center;\"><a href=\"mailto:olympus@olympusmotel.com.br\" target=\"_top\" rel=\"noopener noreferrer\">olympus@olympusmotel.com.br<\/a><\/p>\n<p>[\/vc_column_text][\/vc_column_inner][vc_column_inner width=&#8221;1\/2&#8243; css=&#8221;.vc_custom_1484247371998{border-top-width: 1px !important;border-left-width: 1px !important;padding-bottom: 20px !important;border-left-color: #ebebeb !important;border-left-style: solid !important;border-top-color: #ebebeb !important;border-top-style: solid !important;}&#8221;][vc_icon icon_fontawesome=&#8221;fa fa-map-marker&#8221; color=&#8221;custom&#8221; align=&#8221;center&#8221; css=&#8221;.vc_custom_1560669923037{margin-bottom: 0px !important;}&#8221; custom_color=&#8221;#c1101c&#8221;][vc_column_text css=&#8221;&#8221;]<\/p>\n<p style=\"text-align: center;\">SC 401 Km 11 \u2013 Santo Ant\u00f4nio de Lisboa \u2013 Florian\u00f3polis \/ SC<\/p>\n<p>[\/vc_column_text][\/vc_column_inner][\/vc_row_inner][\/vc_column][\/vc_row][vc_row css=&#8221;.vc_custom_1484246210244{margin-top: 16px !important;}&#8221;][vc_column][vc_column_text]<iframe loading=\"lazy\" src=\"https:\/\/www.google.com\/maps\/embed?pb=!1m18!1m12!1m3!1d1769.6160053592375!2d-48.506489367614186!3d-27.493159083166727!2m3!1f0!2f0!3f0!3m2!1i1024!2i768!4f13.1!3m3!1m2!1s0x952743e7874058c9%3A0x99632cf8450ff0f0!2sOlympus+Motel!5e0!3m2!1spt-BR!2sus!4v1484245424160\" width=\"100%\" height=\"300\" frameborder=\"0\" allowfullscreen=\"allowfullscreen\" data-mce-fragment=\"1\"><\/iframe>[\/vc_column_text][\/vc_column][\/vc_row][vc_row][vc_column][vc_column_text]<\/p>\n<p>[\/vc_column_text][\/vc_column][\/vc_row][vc_row css=&#8221;.vc_custom_1516635982973{margin-top: 70px !important;}&#8221;][vc_column][vc_column_text css=&#8221;&#8221;]<\/p>\n<h3 style=\"text-align: center;\">Informa\u00e7\u00f5es e Reservas<\/h3>\n<h5 style=\"text-align: center;\">Gostaria de reservar uma su\u00edte? <a href=\"https:\/\/api.whatsapp.com\/send\/?phone=5548991446481&amp;text&amp;type=phone_number&amp;app_absent=0\">Clique aqui!<\/a> E fale com nossos atendentes, 24 HORAS.<\/h5>\n<p style=\"text-align: center;\"><strong>WhatsApp: <\/strong><strong>(48) 99144-6481<\/strong><\/p>\n<h5 style=\"text-align: center;\">Para reservas especiais ou com decora\u00e7\u00e3o entrar em contato com 3 dias de anteced\u00eancia!<\/h5>\n<p>&nbsp;<\/p>\n<p><a href=\"http:\/\/www.olympusmotel.com.br\/motel-florianopolis\/wp-content\/uploads\/2016\/12\/Arabesco-Olympus-Motel-em-Florian\u00f3polis.png\"><img loading=\"lazy\" decoding=\"async\" class=\"wp-image-5424 size-full aligncenter\" src=\"http:\/\/www.olympusmotel.com.br\/motel-florianopolis\/wp-content\/uploads\/2016\/12\/Arabesco-Olympus-Motel-em-Florian\u00f3polis.png\" alt=\"\" width=\"201\" height=\"23\" \/><\/a><\/p>\n<p>[\/vc_column_text][\/vc_column][\/vc_row]<\/p>\n<\/div>","protected":false},"excerpt":{"rendered":"<p>[vc_row full_width=&#8221;stretch_row&#8221; content_placement=&#8221;middle&#8221; background_position=&#8221;center bottom&#8221; css=&#8221;.vc_custom_1766235007534{margin-bottom: 40px !important;padding-top: 120px !important;padding-bottom: 80px !important;background-image: url(http:\/\/www.olympusmotel.com.br\/motel-florianopolis\/wp-content\/uploads\/2017\/01\/Olympus-36-1.jpg?id=6296) !important;background-position: center !important;background-repeat: no-repeat !important;background-size: cover !important;}&#8221; [&hellip;]<\/p>\n","protected":false},"author":1,"featured_media":6296,"parent":0,"menu_order":0,"comment_status":"closed","ping_status":"closed","template":"","meta":{"site-sidebar-layout":"no-sidebar","site-content-layout":"plain-container","ast-site-content-layout":"default","site-content-style":"default","site-sidebar-style":"default","ast-global-header-display":"","ast-banner-title-visibility":"","ast-main-header-display":"","ast-hfb-above-header-display":"","ast-hfb-below-header-display":"","ast-hfb-mobile-header-display":"","site-post-title":"disabled","ast-breadcrumbs-content":"","ast-featured-img":"disabled","footer-sml-layout":"","ast-disable-related-posts":"","theme-transparent-header-meta":"default","adv-header-id-meta":"","stick-header-meta":"","header-above-stick-meta":"","header-main-stick-meta":"","header-below-stick-meta":"","astra-migrate-meta-layouts":"set","ast-page-background-enabled":"default","ast-page-background-meta":{"desktop":{"background-color":"var(--ast-global-color-4)","background-image":"","background-repeat":"repeat","background-position":"center center","background-size":"auto","background-attachment":"scroll","background-type":"","background-media":"","overlay-type":"","overlay-color":"","overlay-opacity":"","overlay-gradient":""},"tablet":{"background-color":"","background-image":"","background-repeat":"repeat","background-position":"center center","background-size":"auto","background-attachment":"scroll","background-type":"","background-media":"","overlay-type":"","overlay-color":"","overlay-opacity":"","overlay-gradient":""},"mobile":{"background-color":"","background-image":"","background-repeat":"repeat","background-position":"center center","background-size":"auto","background-attachment":"scroll","background-type":"","background-media":"","overlay-type":"","overlay-color":"","overlay-opacity":"","overlay-gradient":""}},"ast-content-background-meta":{"desktop":{"background-color":"var(--ast-global-color-5)","background-image":"","background-repeat":"repeat","background-position":"center center","background-size":"auto","background-attachment":"scroll","background-type":"","background-media":"","overlay-type":"","overlay-color":"","overlay-opacity":"","overlay-gradient":""},"tablet":{"background-color":"var(--ast-global-color-5)","background-image":"","background-repeat":"repeat","background-position":"center center","background-size":"auto","background-attachment":"scroll","background-type":"","background-media":"","overlay-type":"","overlay-color":"","overlay-opacity":"","overlay-gradient":""},"mobile":{"background-color":"var(--ast-global-color-5)","background-image":"","background-repeat":"repeat","background-position":"center center","background-size":"auto","background-attachment":"scroll","background-type":"","background-media":"","overlay-type":"","overlay-color":"","overlay-opacity":"","overlay-gradient":""}},"footnotes":""},"_links":{"self":[{"href":"https:\/\/www.olympusmotel.com.br\/motel-florianopolis\/wp-json\/wp\/v2\/pages\/4322"}],"collection":[{"href":"https:\/\/www.olympusmotel.com.br\/motel-florianopolis\/wp-json\/wp\/v2\/pages"}],"about":[{"href":"https:\/\/www.olympusmotel.com.br\/motel-florianopolis\/wp-json\/wp\/v2\/types\/page"}],"author":[{"embeddable":true,"href":"https:\/\/www.olympusmotel.com.br\/motel-florianopolis\/wp-json\/wp\/v2\/users\/1"}],"replies":[{"embeddable":true,"href":"https:\/\/www.olympusmotel.com.br\/motel-florianopolis\/wp-json\/wp\/v2\/comments?post=4322"}],"version-history":[{"count":64,"href":"https:\/\/www.olympusmotel.com.br\/motel-florianopolis\/wp-json\/wp\/v2\/pages\/4322\/revisions"}],"predecessor-version":[{"id":6615,"href":"https:\/\/www.olympusmotel.com.br\/motel-florianopolis\/wp-json\/wp\/v2\/pages\/4322\/revisions\/6615"}],"wp:featuredmedia":[{"embeddable":true,"href":"https:\/\/www.olympusmotel.com.br\/motel-florianopolis\/wp-json\/wp\/v2\/media\/6296"}],"wp:attachment":[{"href":"https:\/\/www.olympusmotel.com.br\/motel-florianopolis\/wp-json\/wp\/v2\/media?parent=4322"}],"curies":[{"name":"wp","href":"https:\/\/api.w.org\/{rel}","templated":true}]}}