{"id":4627,"date":"2017-01-09T01:17:01","date_gmt":"2017-01-09T03:17:01","guid":{"rendered":"http:\/\/www.olympusmotel.com.br\/motel-em-florianopolis\/?page_id=4627"},"modified":"2017-01-09T01:17:01","modified_gmt":"2017-01-09T03:17:01","slug":"o-motel","status":"publish","type":"page","link":"https:\/\/www.olympusmotel.com.br\/motel-florianopolis\/o-motel\/","title":{"rendered":"O Motel"},"content":{"rendered":"<div class=\"wpb-content-wrapper\"><p>[vc_row css=&#8221;.vc_custom_1483934564075{margin-top: 40px !important;margin-bottom: 40px !important;}&#8221;][vc_column][vc_icon type=&#8221;material&#8221; icon_material=&#8221;vc-material vc-material-account_balance&#8221; color=&#8221;custom&#8221; size=&#8221;lg&#8221; align=&#8221;center&#8221; custom_color=&#8221;#c1001c&#8221; css=&#8221;.vc_custom_1483969403517{margin-bottom: 0px !important;padding-bottom: 0px !important;}&#8221;][vc_column_text css=&#8221;.vc_custom_1483970337696{margin-top: -16px !important;padding-top: 0px !important;}&#8221;]<\/p>\n<h4 style=\"text-align: center;\">Olympus, o mais conceituado motel da ilha de Santa Catarina inspirado na mitologia Grega, oferece <strong>su\u00edtes tem\u00e1ticas<\/strong> e <strong>decora\u00e7\u00f5es diferenciadas<\/strong> com muito bom gosto e modernidade.<\/h4>\n<p>[\/vc_column_text][\/vc_column][\/vc_row][vc_row css=&#8221;.vc_custom_1483969072169{margin-top: 0px !important;margin-bottom: 0px !important;}&#8221;][vc_column width=&#8221;1\/2&#8243; offset=&#8221;vc_hidden-sm vc_hidden-xs&#8221;][vc_single_image image=&#8221;4657&#8243; img_size=&#8221;600&#215;400&#8243;][\/vc_column][vc_column width=&#8221;1\/2&#8243;][vc_empty_space][vc_icon type=&#8221;material&#8221; icon_material=&#8221;vc-material vc-material-local_laundry_service&#8221; color=&#8221;custom&#8221; size=&#8221;lg&#8221; custom_color=&#8221;#c1001c&#8221;][vc_custom_heading text=&#8221;Conforto e Limpeza&#8221; use_theme_fonts=&#8221;yes&#8221;][vc_column_text]Estamos sempre renovando nossas su\u00edtes para o <strong>conforto e bem estar<\/strong> de nossos clientes. Seguimos um rigoroso padr\u00e3o de higiene e limpeza, contamos com lavanderia pr\u00f3pria, com <strong>sistema de esteriliza\u00e7\u00e3o e acompanhamento t\u00e9cnico de profissionais da Unilever<\/strong>.<\/p>\n<p>Al\u00e9m disso, toda a \u00e1gua utilizada \u00e9 constantemente analisada por um qu\u00edmico registrado junto ao conselho regional de qu\u00edmica.[\/vc_column_text][\/vc_column][\/vc_row][vc_row css=&#8221;.vc_custom_1483969082731{margin-top: 0px !important;margin-bottom: 0px !important;}&#8221;][vc_column width=&#8221;1\/2&#8243;][vc_empty_space][vc_icon type=&#8221;material&#8221; icon_material=&#8221;vc-material vc-material-verified_user&#8221; color=&#8221;custom&#8221; size=&#8221;lg&#8221; align=&#8221;right&#8221; custom_color=&#8221;#c1001c&#8221;][vc_custom_heading text=&#8221;Seguran\u00e7a e Privacidade&#8221; font_container=&#8221;tag:h2|text_align:right&#8221; use_theme_fonts=&#8221;yes&#8221;][vc_column_text]<\/p>\n<p style=\"text-align: right;\">No Olympus motel a seguran\u00e7a e privacidade s\u00e3o absolutas, gra\u00e7as ao <strong>controle computadorizado<\/strong> de entrada e sa\u00edda das su\u00edtes, que tamb\u00e9m contam com <strong>trava de seguran\u00e7a e chave de emerg\u00eancia<\/strong>.<\/p>\n<p style=\"text-align: right;\">O motel possui tamb\u00e9m um gerador pr\u00f3prio e nobreak que funcionam automaticamente no caso de quedas de energia.<\/p>\n<p>[\/vc_column_text][\/vc_column][vc_column width=&#8221;1\/2&#8243; offset=&#8221;vc_hidden-sm vc_hidden-xs&#8221;][vc_single_image image=&#8221;4658&#8243; img_size=&#8221;600&#215;400&#8243;][\/vc_column][\/vc_row]<\/p>\n<\/div>","protected":false},"excerpt":{"rendered":"<p>[vc_row css=&#8221;.vc_custom_1483934564075{margin-top: 40px !important;margin-bottom: 40px !important;}&#8221;][vc_column][vc_icon type=&#8221;material&#8221; icon_material=&#8221;vc-material vc-material-account_balance&#8221; color=&#8221;custom&#8221; size=&#8221;lg&#8221; align=&#8221;center&#8221; custom_color=&#8221;#c1001c&#8221; css=&#8221;.vc_custom_1483969403517{margin-bottom: 0px !important;padding-bottom: 0px !important;}&#8221;][vc_column_text css=&#8221;.vc_custom_1483970337696{margin-top: -16px [&hellip;]<\/p>\n","protected":false},"author":1,"featured_media":0,"parent":0,"menu_order":0,"comment_status":"closed","ping_status":"closed","template":"","meta":{"site-sidebar-layout":"no-sidebar","site-content-layout":"plain-container","ast-site-content-layout":"default","site-content-style":"default","site-sidebar-style":"default","ast-global-header-display":"","ast-banner-title-visibility":"","ast-main-header-display":"","ast-hfb-above-header-display":"","ast-hfb-below-header-display":"","ast-hfb-mobile-header-display":"","site-post-title":"disabled","ast-breadcrumbs-content":"","ast-featured-img":"disabled","footer-sml-layout":"","ast-disable-related-posts":"","theme-transparent-header-meta":"","adv-header-id-meta":"","stick-header-meta":"","header-above-stick-meta":"","header-main-stick-meta":"","header-below-stick-meta":"","astra-migrate-meta-layouts":"default","ast-page-background-enabled":"default","ast-page-background-meta":{"desktop":{"background-color":"var(--ast-global-color-4)","background-image":"","background-repeat":"repeat","background-position":"center center","background-size":"auto","background-attachment":"scroll","background-type":"","background-media":"","overlay-type":"","overlay-color":"","overlay-opacity":"","overlay-gradient":""},"tablet":{"background-color":"","background-image":"","background-repeat":"repeat","background-position":"center center","background-size":"auto","background-attachment":"scroll","background-type":"","background-media":"","overlay-type":"","overlay-color":"","overlay-opacity":"","overlay-gradient":""},"mobile":{"background-color":"","background-image":"","background-repeat":"repeat","background-position":"center center","background-size":"auto","background-attachment":"scroll","background-type":"","background-media":"","overlay-type":"","overlay-color":"","overlay-opacity":"","overlay-gradient":""}},"ast-content-background-meta":{"desktop":{"background-color":"var(--ast-global-color-5)","background-image":"","background-repeat":"repeat","background-position":"center center","background-size":"auto","background-attachment":"scroll","background-type":"","background-media":"","overlay-type":"","overlay-color":"","overlay-opacity":"","overlay-gradient":""},"tablet":{"background-color":"var(--ast-global-color-5)","background-image":"","background-repeat":"repeat","background-position":"center center","background-size":"auto","background-attachment":"scroll","background-type":"","background-media":"","overlay-type":"","overlay-color":"","overlay-opacity":"","overlay-gradient":""},"mobile":{"background-color":"var(--ast-global-color-5)","background-image":"","background-repeat":"repeat","background-position":"center center","background-size":"auto","background-attachment":"scroll","background-type":"","background-media":"","overlay-type":"","overlay-color":"","overlay-opacity":"","overlay-gradient":""}},"footnotes":""},"_links":{"self":[{"href":"https:\/\/www.olympusmotel.com.br\/motel-florianopolis\/wp-json\/wp\/v2\/pages\/4627"}],"collection":[{"href":"https:\/\/www.olympusmotel.com.br\/motel-florianopolis\/wp-json\/wp\/v2\/pages"}],"about":[{"href":"https:\/\/www.olympusmotel.com.br\/motel-florianopolis\/wp-json\/wp\/v2\/types\/page"}],"author":[{"embeddable":true,"href":"https:\/\/www.olympusmotel.com.br\/motel-florianopolis\/wp-json\/wp\/v2\/users\/1"}],"replies":[{"embeddable":true,"href":"https:\/\/www.olympusmotel.com.br\/motel-florianopolis\/wp-json\/wp\/v2\/comments?post=4627"}],"version-history":[{"count":0,"href":"https:\/\/www.olympusmotel.com.br\/motel-florianopolis\/wp-json\/wp\/v2\/pages\/4627\/revisions"}],"wp:attachment":[{"href":"https:\/\/www.olympusmotel.com.br\/motel-florianopolis\/wp-json\/wp\/v2\/media?parent=4627"}],"curies":[{"name":"wp","href":"https:\/\/api.w.org\/{rel}","templated":true}]}}