{"id":4737,"date":"2017-01-11T22:24:13","date_gmt":"2017-01-12T00:24:13","guid":{"rendered":"http:\/\/www.olympusmotel.com.br\/motel-em-florianopolis\/?page_id=4737"},"modified":"2025-09-20T16:27:19","modified_gmt":"2025-09-20T19:27:19","slug":"passaporte-vip","status":"publish","type":"page","link":"https:\/\/www.olympusmotel.com.br\/motel-florianopolis\/passaporte-vip\/","title":{"rendered":"Passaporte VIP"},"content":{"rendered":"<div class=\"wpb-content-wrapper\"><p>[vc_row][vc_column width=&#8221;2\/3&#8243;][vc_column_text css=&#8221;&#8221;]<\/p>\n<h4><span style=\"color: #646464;\">Vantagens de ser um cliente VIP<\/span><\/h4>\n<p><span style=\"font-weight: 400; color: #646464;\">Ap\u00f3s a solicita\u00e7\u00e3o do Cart\u00e3o Vip, voc\u00ea receber\u00e1 o mesmo em torno de 60 dias.<\/span><\/p>\n<p><span style=\"color: #646464;\">Com o cart\u00e3o em m\u00e3os, automaticamente\u00a0entra em nosso programa de\u00a0<\/span><strong><span style=\"color: #c1001c;\">descontos progressivos<\/span><\/strong><span style=\"color: #646464;\">,\u00a0que d\u00e1 o direito a\u00a0<\/span><strong><span style=\"color: #c1001c;\">5% (at\u00e9 R$ 150,99)<\/span><\/strong><span style=\"color: #646464;\">,\u00a0<\/span><strong><span style=\"color: #c1001c;\">10% (de R$ 151,00 a R$ 299,99 )<\/span><\/strong><span style=\"color: #646464;\">\u00a0e\u00a0<\/span><strong><span style=\"color: #c1001c;\">15% (a partir de R$ 300,00)\u00a0<\/span><\/strong><span style=\"color: #646464;\">de descontos\u00a0na hospedagem, e ainda acumula\u00a0<\/span><strong><span style=\"color: #c1001c;\">cr\u00e9ditos para cortesias de 6 horas (B\u00f4nus)<\/span><\/strong><span style=\"color: #646464;\">. <\/span><\/p>\n<p><span style=\"color: #646464;\">No<span style=\"color: #c1001c;\"><strong> DIA DO SEU ANIVERS\u00c1RIO<\/strong><\/span> o desconto passa a ser <strong><span style=\"color: #c1001c;\">em\u00a0<\/span><\/strong><\/span><strong><span style=\"color: #c1001c;\">dobro<\/span><\/strong><span style=\"color: #c1001c;\"><span style=\"color: #000000;\">,<\/span>\u00a0<\/span><strong><span style=\"color: #c1001c;\">10%,\u00a020%<\/span><\/strong><span style=\"color: #c1001c;\">\u00a0<span style=\"color: #000000;\"><span style=\"color: #646464;\">e<\/span>\u00a0<\/span><\/span><strong><span style=\"color: #c1001c;\">30% <\/span><\/strong><span style=\"color: #646464;\">do valor da hospedagem.<\/span><\/p>\n<div><span style=\"color: #646464;\">Para ganhar cortesias, basta acumular cr\u00e9ditos. Em cada estadia ser\u00e1 creditado em sua conta pessoal, <\/span><span style=\"color: #b51a00;\"><b>5% do valor total da conta<\/b><\/span><span style=\"color: #646464;\">.<span style=\"color: #000000;\"><span style=\"color: #646464;\"> A cada R$ 50,00 em cr\u00e9ditos acumulados, voc\u00ea ganha uma cortesia de<\/span> <\/span><\/span><span style=\"color: #b51a00;\"><b>6 horas nas su\u00edtes Apolo<\/b><\/span><span style=\"color: #646464;\">.<\/span><\/div>\n<div><\/div>\n<div><\/div>\n<div>\n<blockquote><p><span style=\"color: #646464;\">Ap\u00f3s a impress\u00e3o do B\u00f4nus o mesmo ter\u00e1 validade de 15 dias (podemos fazer a impress\u00e3o para voc\u00ea).<\/span><\/p><\/blockquote>\n<\/div>\n<p>[\/vc_column_text][vc_column_text]<\/p>\n<h4>Condi\u00e7\u00f5es do passaporte VIP:<\/h4>\n<ul>\n<li>O prazo para utiliza\u00e7\u00e3o do b\u00f4nus \u00e9 de 6 meses;<\/li>\n<li><span style=\"font-weight: 400;\">Ap\u00f3s a impress\u00e3o do B\u00f4nus o mesmo ter\u00e1 validade de 15 dias;<\/span><\/li>\n<li>A retirada do passaporte VIP dever\u00e1 ser feita somente no motel;<\/li>\n<li>Valores promocionais n\u00e3o incidem desconto do cart\u00e3o vip, somente pontua\u00e7\u00e3o;<\/li>\n<li>Uso pessoal e intransfer\u00edvel. Sua titularidade ser\u00e1 comprovada com CPF;<\/li>\n<li>Eventuais informa\u00e7\u00f5es e saldos ser\u00e3o informadas pelo telefone (48) 99144-6481 ou pelo e-mail: <strong><a href=\"mailto:olympus@olympusmotel.com.br\">financeiro@olympusmotel.com.br<\/a><\/strong>;<\/li>\n<\/ul>\n<p>[\/vc_column_text][\/vc_column][vc_column width=&#8221;1\/3&#8243;][vc_empty_space]<div class=\"ult-just-icon-wrapper  \"><div class=\"align-icon\" style=\"text-align:center;\">\n<div class=\"aio-icon circle \"  style=\"color:#ffffff;background:#c1001c;font-size:48px;display:inline-block;\">\n\t<i class=\"Defaults-credit-card\"><\/i>\n<\/div><\/div><\/div>[vc_empty_space height=&#8221;12px&#8221;][vc_custom_heading text=&#8221;SOLICITE SEU CART\u00c3O VIP&#8221; font_container=&#8221;tag:h3|text_align:center&#8221; google_fonts=&#8221;font_family:Oswald%3A300%2Cregular%2C700|font_style:400%20regular%3A400%3Anormal&#8221;][vc_empty_space height=&#8221;16px&#8221;][vc_btn title=&#8221;QUERO SER VIP&#8221; style=&#8221;outline-custom&#8221; outline_custom_color=&#8221;#c1001c&#8221; outline_custom_hover_background=&#8221;#0a0a0a&#8221; outline_custom_hover_text=&#8221;#ffffff&#8221; align=&#8221;center&#8221; link=&#8221;url:http%3A%2F%2Fmoteisolympus.com.br%2Fpainel%2Findex.php%3Fp%3D188||target:%20_blank|&#8221;][vc_column_text]<\/p>\n<p style=\"text-align: center;\"><a href=\"http:\/\/moteisolympus.com.br\/painel\/index.php?p=189\" target=\"_blank\" rel=\"noopener noreferrer\">Consultar Saldo\/Emitir Ticket de B\u00f4nus<\/a><\/p>\n<p>[\/vc_column_text][\/vc_column][\/vc_row]<\/p>\n<\/div>","protected":false},"excerpt":{"rendered":"<p>[vc_row][vc_column width=&#8221;2\/3&#8243;][vc_column_text css=&#8221;&#8221;] Vantagens de ser um cliente VIP Ap\u00f3s a solicita\u00e7\u00e3o do Cart\u00e3o Vip, voc\u00ea receber\u00e1 o mesmo em [&hellip;]<\/p>\n","protected":false},"author":1,"featured_media":0,"parent":0,"menu_order":0,"comment_status":"closed","ping_status":"closed","template":"","meta":{"site-sidebar-layout":"no-sidebar","site-content-layout":"plain-container","ast-site-content-layout":"default","site-content-style":"default","site-sidebar-style":"default","ast-global-header-display":"","ast-banner-title-visibility":"","ast-main-header-display":"","ast-hfb-above-header-display":"","ast-hfb-below-header-display":"","ast-hfb-mobile-header-display":"","site-post-title":"disabled","ast-breadcrumbs-content":"","ast-featured-img":"disabled","footer-sml-layout":"","ast-disable-related-posts":"","theme-transparent-header-meta":"default","adv-header-id-meta":"","stick-header-meta":"","header-above-stick-meta":"","header-main-stick-meta":"","header-below-stick-meta":"","astra-migrate-meta-layouts":"set","ast-page-background-enabled":"default","ast-page-background-meta":{"desktop":{"background-color":"var(--ast-global-color-4)","background-image":"","background-repeat":"repeat","background-position":"center center","background-size":"auto","background-attachment":"scroll","background-type":"","background-media":"","overlay-type":"","overlay-color":"","overlay-opacity":"","overlay-gradient":""},"tablet":{"background-color":"","background-image":"","background-repeat":"repeat","background-position":"center center","background-size":"auto","background-attachment":"scroll","background-type":"","background-media":"","overlay-type":"","overlay-color":"","overlay-opacity":"","overlay-gradient":""},"mobile":{"background-color":"","background-image":"","background-repeat":"repeat","background-position":"center center","background-size":"auto","background-attachment":"scroll","background-type":"","background-media":"","overlay-type":"","overlay-color":"","overlay-opacity":"","overlay-gradient":""}},"ast-content-background-meta":{"desktop":{"background-color":"var(--ast-global-color-5)","background-image":"","background-repeat":"repeat","background-position":"center center","background-size":"auto","background-attachment":"scroll","background-type":"","background-media":"","overlay-type":"","overlay-color":"","overlay-opacity":"","overlay-gradient":""},"tablet":{"background-color":"var(--ast-global-color-5)","background-image":"","background-repeat":"repeat","background-position":"center center","background-size":"auto","background-attachment":"scroll","background-type":"","background-media":"","overlay-type":"","overlay-color":"","overlay-opacity":"","overlay-gradient":""},"mobile":{"background-color":"var(--ast-global-color-5)","background-image":"","background-repeat":"repeat","background-position":"center center","background-size":"auto","background-attachment":"scroll","background-type":"","background-media":"","overlay-type":"","overlay-color":"","overlay-opacity":"","overlay-gradient":""}},"footnotes":""},"_links":{"self":[{"href":"https:\/\/www.olympusmotel.com.br\/motel-florianopolis\/wp-json\/wp\/v2\/pages\/4737"}],"collection":[{"href":"https:\/\/www.olympusmotel.com.br\/motel-florianopolis\/wp-json\/wp\/v2\/pages"}],"about":[{"href":"https:\/\/www.olympusmotel.com.br\/motel-florianopolis\/wp-json\/wp\/v2\/types\/page"}],"author":[{"embeddable":true,"href":"https:\/\/www.olympusmotel.com.br\/motel-florianopolis\/wp-json\/wp\/v2\/users\/1"}],"replies":[{"embeddable":true,"href":"https:\/\/www.olympusmotel.com.br\/motel-florianopolis\/wp-json\/wp\/v2\/comments?post=4737"}],"version-history":[{"count":4,"href":"https:\/\/www.olympusmotel.com.br\/motel-florianopolis\/wp-json\/wp\/v2\/pages\/4737\/revisions"}],"predecessor-version":[{"id":6538,"href":"https:\/\/www.olympusmotel.com.br\/motel-florianopolis\/wp-json\/wp\/v2\/pages\/4737\/revisions\/6538"}],"wp:attachment":[{"href":"https:\/\/www.olympusmotel.com.br\/motel-florianopolis\/wp-json\/wp\/v2\/media?parent=4737"}],"curies":[{"name":"wp","href":"https:\/\/api.w.org\/{rel}","templated":true}]}}